{"id":4446,"date":"2020-12-15T14:32:49","date_gmt":"2020-12-15T14:32:49","guid":{"rendered":"https:\/\/ilpadrinotn.com\/ilpad\/?page_id=4446"},"modified":"2021-01-05T14:54:21","modified_gmt":"2021-01-05T14:54:21","slug":"4446-2","status":"publish","type":"page","link":"https:\/\/ilpadrinotn.com\/ilpad\/4446-2\/","title":{"rendered":""},"content":{"rendered":"<div id=\"skt-builder-menu-block-33\" class=\"skt-builder-block-wrapper skt-builder-menu-block skt-builder-menu-block-33\" style=\"background-color: #ffffff; background-image: url(); padding-bottom: 20px; padding-top: 60px; \">\r\n\t<div class=\"skt-builder-block-inner skt-builder-block-inner-33\" style=\"\">\r\n\t\t<div class=\"skt-builder-container\">\r\n        \t<style>\r\n            \t.skt-builder-menu-block-33 .skt-builder-block-column-button{background-color: #9437fd; color: #ffffff;}\r\n\t\t\t\t.skt-builder-menu-block-33 .skt-builder-block-column-button:hover{background-color: #282828; color: #ffffff;}\r\n            <\/style>\r\n\t\t\t\t<div class=\"skt-builder-block-title\">\r\n\t\t\t\t\t<h2 style=\"color: #282828; text-align: center;\">Nos promotions<\/h2>\r\n\t\t\t\t<\/div>\r\n                <div class=\"skt-builder-block-description\"><p class=\"ql-align-center\"><br><\/p><\/div>\r\n\t\t\t<div class=\"skt-builder-columns-row skt-builder-columns-row-2column\">\r\n\t\t\t\t\t<div class=\"skt-builder-column skt-builder-menu-column skt-builder-menu-column-35\">\r\n                    \t<style>\r\n\t\t\t\t\t\t\t.skt-builder-menu-column-35 .skt-builder-menu-column-title a:hover{color: #84dcc6 !important;}\r\n\t\t\t\t\t\t<\/style>\r\n                    \t<div class=\"skt-builder-column-inner\">\r\n                        \t<a href=\"#\" ><img decoding=\"async\" class=\"skt-builder-menu-column-image\" src=\"https:\/\/ilpadrinotn.com\/ilpad\/wp-content\/uploads\/2020\/12\/DaPietro.jpg\"><\/a>\r\n                        \t<div class=\"skt-builder-menu-column-info\">\r\n                        \t\t<h3 class=\"skt-builder-menu-column-title\"><a href=\"#\" style=\"color: #282828;\" >Happy Hour Pizza<\/a><\/h3>\r\n                                <span class=\"skt-builder-menu-column-price\" style=\"color: #9437fd;\">DT 12.00<\/span>\r\n                            <\/div>\r\n                            <div class=\"skt-builder-menu-column-description\" style=\"color: #808b98;\"><p><span style=\"color: rgb(125, 125, 125);\">Composition :Happy Hour Pizza Hut :&nbsp;&nbsp;Vous Adorez D\u00e9guster de d\u00e9licieuses pizzas&nbsp;, tout en profitant d'une Remise sp\u00e9ciale de -30 %<\/span><\/p><\/div>\r\n                        <\/div>\r\n\t\t\t\t\t<\/div>\r\n\t\t\t\t\t<div class=\"skt-builder-column skt-builder-menu-column skt-builder-menu-column-39\">\r\n                    \t<style>\r\n\t\t\t\t\t\t\t.skt-builder-menu-column-39 .skt-builder-menu-column-title a:hover{color: #84dcc6 !important;}\r\n\t\t\t\t\t\t<\/style>\r\n                    \t<div class=\"skt-builder-column-inner\">\r\n                        \t<a href=\"#\" ><img decoding=\"async\" class=\"skt-builder-menu-column-image\" src=\"https:\/\/ilpadrinotn.com\/ilpad\/wp-content\/uploads\/2020\/12\/b8e17813a2d3409a943c9f942e592fdc_1598202048328400058-1.jpg\"><\/a>\r\n                        \t<div class=\"skt-builder-menu-column-info\">\r\n                        \t\t<h3 class=\"skt-builder-menu-column-title\"><a href=\"#\" style=\"color: #282828;\" >My Box Pizza <\/a><\/h3>\r\n                                <span class=\"skt-builder-menu-column-price\" style=\"color: #9437fd;\">DT 21.00<\/span>\r\n                            <\/div>\r\n                            <div class=\"skt-builder-menu-column-description\" style=\"color: #808b98;\"><p><span style=\"color: rgb(125, 125, 125);\">Composition :My Box Pizza  : <\/span><\/p><p><span style=\"color: rgb(125, 125, 125);\">* Offre Valable pour Livraison et \u00e0 emporter<\/span><\/p><p><span style=\"color: rgb(125, 125, 125);\">* Offre valable du 02\/11\/2020 au 31\/12\/2020 <\/span><\/p><p><span style=\"color: rgb(125, 125, 125);\">* Sauf cat\u00e9gorie \u00abgourmande\u00bb<\/span><\/p><\/div>\r\n                        <\/div>\r\n\t\t\t\t\t<\/div>\r\n\t\t\t\t\t<div class=\"skt-builder-column skt-builder-menu-column skt-builder-menu-column-42\">\r\n                    \t<style>\r\n\t\t\t\t\t\t\t.skt-builder-menu-column-42 .skt-builder-menu-column-title a:hover{color: #84dcc6 !important;}\r\n\t\t\t\t\t\t<\/style>\r\n                    \t<div class=\"skt-builder-column-inner\">\r\n                        \t<a href=\"#\" ><img decoding=\"async\" class=\"skt-builder-menu-column-image\" src=\"https:\/\/ilpadrinotn.com\/ilpad\/wp-content\/uploads\/2020\/12\/unnamed-2.png\"><\/a>\r\n                        \t<div class=\"skt-builder-menu-column-info\">\r\n                        \t\t<h3 class=\"skt-builder-menu-column-title\"><a href=\"#\" style=\"color: #282828;\" >Offre MultiMix Pizza<\/a><\/h3>\r\n                                <span class=\"skt-builder-menu-column-price\" style=\"color: #9437fd;\">DT29.00<\/span>\r\n                            <\/div>\r\n                            <div class=\"skt-builder-menu-column-description\" style=\"color: #808b98;\"><p><span style=\"color: rgb(125, 125, 125);\">Composition :Offre MultiMix Pizza Hut : 10 (pcs) Chicken wings + 8 (pcs) Tortillas Farcies + 2 Portions Potatoes.<\/span><\/p><\/div>\r\n                        <\/div>\r\n\t\t\t\t\t<\/div>\r\n\t\t\t\t\t<div class=\"skt-builder-column skt-builder-menu-column skt-builder-menu-column-45\">\r\n                    \t<style>\r\n\t\t\t\t\t\t\t.skt-builder-menu-column-45 .skt-builder-menu-column-title a:hover{color: #84dcc6 !important;}\r\n\t\t\t\t\t\t<\/style>\r\n                    \t<div class=\"skt-builder-column-inner\">\r\n                        \t<a href=\"#\" ><img decoding=\"async\" class=\"skt-builder-menu-column-image\" src=\"https:\/\/ilpadrinotn.com\/ilpad\/wp-content\/uploads\/2013\/06\/product-2.png\"><\/a>\r\n                        \t<div class=\"skt-builder-menu-column-info\">\r\n                        \t\t<h3 class=\"skt-builder-menu-column-title\"><a href=\"#\" style=\"color: #282828;\" >The Hut Meal Pizza<\/a><\/h3>\r\n                                <span class=\"skt-builder-menu-column-price\" style=\"color: #9437fd;\">DT 25.00<\/span>\r\n                            <\/div>\r\n                            <div class=\"skt-builder-menu-column-description\" style=\"color: #808b98;\"><p><span style=\"color: rgb(125, 125, 125);\">Composition :The Hut Meal Pizza Hut : * Offre Valable pour Livraison et \u00e0 emporter<\/span><\/p><\/div>\r\n                        <\/div>\r\n\t\t\t\t\t<\/div>\r\n\t\t\t<\/div>\r\n            <div class=\"skt-builder-block-column-button-wrap\" style=\"top: -14px;\"><a sty class=\"skt-builder-block-column-button\" href=\"#\" >DISCOVER ENTIRE MENU<\/a><\/div>\r\n\t\t<\/div>\r\n\t<\/div>\r\n<\/div>    <!-- sktbuilder starter --><script type=\"text\/javascript\" src=\"https:\/\/ilpadrinotn.com\/ilpad\/wp-content\/plugins\/skt-builder\/sktbuilder\/sktbuilder-frontend-starter.js\"><\/script><script type=\"text\/javascript\" src=\"https:\/\/ilpadrinotn.com\/ilpad\/wp-content\/plugins\/skt-builder\/sktbuilder-wordpress-driver.js\"><\/script><script type=\"text\/javascript\"> var starter = new SktbuilderStarter({\"mode\": \"prod\", \"skip\":[\"jquery\",\"underscore\",\"backbone\"],\"sktbuilderUrl\": \"https:\/\/ilpadrinotn.com\/ilpad\/wp-content\/plugins\/skt-builder\/sktbuilder\/\", \"driver\": new SktbuilderWordpressDriver({\"ajaxUrl\": \"https:\/\/ilpadrinotn.com\/ilpad\/wp-admin\/admin-ajax.php\", \"iframeUrl\": \"https:\/\/ilpadrinotn.com\/ilpad\/4446-2\/?sktbuilder=true\", \"pageId\": 4446, \"pages\": [{\"title\":\"Accueil\",\"url\":\"https:\\\/\\\/ilpadrinotn.com\\\/ilpad\\\/wp-admin\\\/post.php?post=4355&action=sktbuilder\"},{\"title\":\"No title\",\"url\":\"https:\\\/\\\/ilpadrinotn.com\\\/ilpad\\\/wp-admin\\\/post.php?post=4442&action=sktbuilder\"},{\"title\":\"No title\",\"url\":\"https:\\\/\\\/ilpadrinotn.com\\\/ilpad\\\/wp-admin\\\/post.php?post=4501&action=sktbuilder\"},{\"title\":\"No title\",\"url\":\"https:\\\/\\\/ilpadrinotn.com\\\/ilpad\\\/wp-admin\\\/post.php?post=4522&action=sktbuilder\"}], \"page\": \"No title\" }) });<\/script><!-- end sktbuilder starter -->","protected":false},"excerpt":{"rendered":"<p>Nos promotions Happy Hour Pizza DT 12.00 Composition :Happy Hour Pizza Hut :&nbsp;&nbsp;Vous Adorez D\u00e9guster de d\u00e9licieuses pizzas&nbsp;, tout en profitant d&#8217;une Remise sp\u00e9ciale de -30 % My Box Pizza<br \/><a class=\"moretag\" href=\"https:\/\/ilpadrinotn.com\/ilpad\/4446-2\/\">+ Read More<\/a><\/p>\n","protected":false},"author":1,"featured_media":4506,"parent":0,"menu_order":0,"comment_status":"closed","ping_status":"closed","template":"templates\/page-fullwidth_template.php","meta":{"_mo_disable_npp":"","footnotes":""},"class_list":["post-4446","page","type-page","status-publish","has-post-thumbnail","hentry"],"_links":{"self":[{"href":"https:\/\/ilpadrinotn.com\/ilpad\/wp-json\/wp\/v2\/pages\/4446","targetHints":{"allow":["GET"]}}],"collection":[{"href":"https:\/\/ilpadrinotn.com\/ilpad\/wp-json\/wp\/v2\/pages"}],"about":[{"href":"https:\/\/ilpadrinotn.com\/ilpad\/wp-json\/wp\/v2\/types\/page"}],"author":[{"embeddable":true,"href":"https:\/\/ilpadrinotn.com\/ilpad\/wp-json\/wp\/v2\/users\/1"}],"replies":[{"embeddable":true,"href":"https:\/\/ilpadrinotn.com\/ilpad\/wp-json\/wp\/v2\/comments?post=4446"}],"version-history":[{"count":6,"href":"https:\/\/ilpadrinotn.com\/ilpad\/wp-json\/wp\/v2\/pages\/4446\/revisions"}],"predecessor-version":[{"id":4847,"href":"https:\/\/ilpadrinotn.com\/ilpad\/wp-json\/wp\/v2\/pages\/4446\/revisions\/4847"}],"wp:featuredmedia":[{"embeddable":true,"href":"https:\/\/ilpadrinotn.com\/ilpad\/wp-json\/wp\/v2\/media\/4506"}],"wp:attachment":[{"href":"https:\/\/ilpadrinotn.com\/ilpad\/wp-json\/wp\/v2\/media?parent=4446"}],"curies":[{"name":"wp","href":"https:\/\/api.w.org\/{rel}","templated":true}]}}