{"id":4501,"date":"2020-12-15T10:02:35","date_gmt":"2020-12-15T10:02:35","guid":{"rendered":"https:\/\/ilpadrinotn.com\/ilpad\/?page_id=4501"},"modified":"2021-03-27T12:06:07","modified_gmt":"2021-03-27T12:06:07","slug":"ilpadrino","status":"publish","type":"page","link":"https:\/\/ilpadrinotn.com\/ilpad\/ilpadrino\/","title":{"rendered":""},"content":{"rendered":"<div id=\"skt-builder-home-section1-block-33\" class=\"skt-builder-block-wrapper skt-builder-home-section1-block skt-builder-home-section1-block-33\" style=\"background-color: #fff; background-image: url(); padding-bottom: 0px; padding-top: 12px; \">\r\n  <div class=\"skt-builder-block-inner skt-builder-block-inner-33\" style=\"visibility: hidden;\">\r\n  \r\n    <div class=\"skt-builder-container\">\r\n      <style>\r\n\t\t.skt-builder-home-section1-block-33 .sktmore{background-color: #c10a28; color: #fff;}\r\n\t\t.skt-builder-home-section1-block-33 .sktmore:hover{background-color: #cd3b53; color: #fff;}\r\n\t\t.skt-builder-home-section1-block-33 .skt-builder-block-title h2 span{color:#c10a28 !important;}\r\n\t\t.skt-builder-home-section1-block-33 .left-businesses-img{margin-top:52px;}\r\n\t\t.skt-builder-home-section1-block-33 .businesses-img{margin-top:52px;}\r\n\r\n\t\t<\/style>\r\n      <div class=\"skt-builder-columns-row skt-builder-columns-row-2column\"> \r\n        <div class=\"skt-builder-column left-businesses-content\"> \r\n          <div class=\"skt-builder-block-title\" style=\"text-align: left;\">\r\n            <h2 style=\"color: #252525; font-size: 39px; margin-bottom: 20px; text-align: left;\">Welcome to ILpadrino Food &amp; Beverage<\/h2><small style=\"color:; font-size:px; margin-bottom:px;\"><\/small>\r\n <\/div>\r\n          <div class=\"skt-builder-column-inner\"> <p>Nous sommes une compagnie nationale de restauration instaur\u00e9e depuis <strong><em>2012<\/em><\/strong> \u00e0 Ben Arous.<\/p><p><br><\/p><p><strong><em>ILpadrino Food &amp; Beverage<\/em><\/strong>   vous offre une multitude des produits de qualit\u00e9 en gastronomie <strong><em>Fast Food <\/em><\/strong>et <strong><em>Boissons<\/em><\/strong> adapt\u00e9e \u00e0 votre choix et vos pr\u00e9f\u00e9rences.<\/p><p><br><\/p><p><strong><em>Soyez les bienvenus (es)<\/em><\/strong>.<\/p>\r\n\r\n        <div class=\"section-btn\">\r\n         <a class=\"sktmore\" href=\"#\" >Contacter Nous<\/a>  \r\n        \r\n         \r\n        <\/div>\r\n            \r\n            <\/div>\r\n           <\/div>\r\n          \r\n        <div class=\"skt-builder-column left-businesses-img\">\r\n       \t <img decoding=\"async\" src=\"https:\/\/ilpadrinotn.com\/ilpad\/wp-content\/uploads\/2021\/03\/ilpad_home.png\" \/>\r\n        <\/div>\r\n        \r\n         <\/div>\r\n    <\/div>\r\n  <\/div>\r\n<\/div>\r\n<script>\r\njQuery(document).ready(function() {\r\n    jQuery('p').each(function() {\r\n        var $this = jQuery(this);\r\n        if($this.html().replace(\/s|&nbsp;\/g, '').length == 0) {\r\n            $this.remove();\r\n        }\r\n    });\r\n});\r\n\r\njQuery(document).ready(function() {\r\n    jQuery('p').each(function() {\r\n        var $this = jQuery(this);\r\n        if($this.html().replace(\/s|<br>\/g, '').length == 0) {\r\n            $this.remove();\r\n        }\r\n    });\r\n});\r\n<\/script> \r\n<script>\r\njQuery.noConflict();\r\njQuery(document).ready(function(){\r\njQuery(window).scroll(function(){\r\n    \/\/ This is then function used to detect if the element is scrolled into view\r\n    function elementScrolled(elem)\r\n    {\r\n        var docViewTop = jQuery(window).scrollTop();\r\n        var docViewBottom = docViewTop + jQuery(window).height();\r\n        var elemTop = jQuery(elem).offset().top;\r\n        return ((elemTop <= docViewBottom) && (elemTop >= docViewTop));\r\n    }\r\n\r\n\tif (jQuery('.skt-builder-block-inner-33').length > 0) {\r\n\tif(elementScrolled('.skt-builder-block-inner-33')) {\r\n        var els = jQuery('.skt-builder-block-inner-33'),\r\n            i = 0,\r\n            f = function () {\r\n                jQuery(els[i++]).addClass('fadeInLeft');\r\n                if(i < els.length) setTimeout(f, 400);\r\n            };\r\n        f();\r\n    }}\r\n\r\n});\r\n});\r\n<\/script> \r\n\r\n<script>\r\n\tjQuery(document).ready(function() {\r\n\tjQuery('.skt-builder-home-section1-block-33 .skt-builder-block-title h2').html(function(index, curHTML) {\r\n\tvar text = curHTML.split(\" \"),\r\n\t\tnewtext = '<span>' + text.pop() + '<\/span>';\r\n\t\treturn text.join(' ').concat(' ' + newtext);\r\n\t\t});\r\n\t});\r\n<\/script>    <!-- sktbuilder starter --><script type=\"text\/javascript\" src=\"https:\/\/ilpadrinotn.com\/ilpad\/wp-content\/plugins\/skt-builder\/sktbuilder\/sktbuilder-frontend-starter.js\"><\/script><script type=\"text\/javascript\" src=\"https:\/\/ilpadrinotn.com\/ilpad\/wp-content\/plugins\/skt-builder\/sktbuilder-wordpress-driver.js\"><\/script><script type=\"text\/javascript\"> var starter = new SktbuilderStarter({\"mode\": \"prod\", \"skip\":[\"jquery\",\"underscore\",\"backbone\"],\"sktbuilderUrl\": \"https:\/\/ilpadrinotn.com\/ilpad\/wp-content\/plugins\/skt-builder\/sktbuilder\/\", \"driver\": new SktbuilderWordpressDriver({\"ajaxUrl\": \"https:\/\/ilpadrinotn.com\/ilpad\/wp-admin\/admin-ajax.php\", \"iframeUrl\": \"https:\/\/ilpadrinotn.com\/ilpad\/ilpadrino\/?sktbuilder=true\", \"pageId\": 4501, \"pages\": [{\"title\":\"Accueil\",\"url\":\"https:\\\/\\\/ilpadrinotn.com\\\/ilpad\\\/wp-admin\\\/post.php?post=4355&action=sktbuilder\"},{\"title\":\"No title\",\"url\":\"https:\\\/\\\/ilpadrinotn.com\\\/ilpad\\\/wp-admin\\\/post.php?post=4442&action=sktbuilder\"},{\"title\":\"No title\",\"url\":\"https:\\\/\\\/ilpadrinotn.com\\\/ilpad\\\/wp-admin\\\/post.php?post=4522&action=sktbuilder\"},{\"title\":\"No title\",\"url\":\"https:\\\/\\\/ilpadrinotn.com\\\/ilpad\\\/wp-admin\\\/post.php?post=4446&action=sktbuilder\"}], \"page\": \"No title\" }) });<\/script><!-- end sktbuilder starter -->","protected":false},"excerpt":{"rendered":"<p>Welcome to ILpadrino Food &amp; Beverage Nous sommes une compagnie nationale de restauration instaur\u00e9e depuis 2012 \u00e0 Ben Arous.ILpadrino Food &amp; Beverage vous offre une multitude des produits de qualit\u00e9<br \/><a class=\"moretag\" href=\"https:\/\/ilpadrinotn.com\/ilpad\/ilpadrino\/\">+ Read More<\/a><\/p>\n","protected":false},"author":1,"featured_media":4506,"parent":0,"menu_order":0,"comment_status":"closed","ping_status":"closed","template":"templates\/page-fullwidth_template.php","meta":{"_mo_disable_npp":"","footnotes":""},"class_list":["post-4501","page","type-page","status-publish","has-post-thumbnail","hentry"],"_links":{"self":[{"href":"https:\/\/ilpadrinotn.com\/ilpad\/wp-json\/wp\/v2\/pages\/4501","targetHints":{"allow":["GET"]}}],"collection":[{"href":"https:\/\/ilpadrinotn.com\/ilpad\/wp-json\/wp\/v2\/pages"}],"about":[{"href":"https:\/\/ilpadrinotn.com\/ilpad\/wp-json\/wp\/v2\/types\/page"}],"author":[{"embeddable":true,"href":"https:\/\/ilpadrinotn.com\/ilpad\/wp-json\/wp\/v2\/users\/1"}],"replies":[{"embeddable":true,"href":"https:\/\/ilpadrinotn.com\/ilpad\/wp-json\/wp\/v2\/comments?post=4501"}],"version-history":[{"count":10,"href":"https:\/\/ilpadrinotn.com\/ilpad\/wp-json\/wp\/v2\/pages\/4501\/revisions"}],"predecessor-version":[{"id":4988,"href":"https:\/\/ilpadrinotn.com\/ilpad\/wp-json\/wp\/v2\/pages\/4501\/revisions\/4988"}],"wp:featuredmedia":[{"embeddable":true,"href":"https:\/\/ilpadrinotn.com\/ilpad\/wp-json\/wp\/v2\/media\/4506"}],"wp:attachment":[{"href":"https:\/\/ilpadrinotn.com\/ilpad\/wp-json\/wp\/v2\/media?parent=4501"}],"curies":[{"name":"wp","href":"https:\/\/api.w.org\/{rel}","templated":true}]}}