{"id":4962,"date":"2021-03-05T16:23:15","date_gmt":"2021-03-05T16:23:15","guid":{"rendered":"https:\/\/ilpadrinotn.com\/ilpad\/?post_type=product&#038;p=4962"},"modified":"2021-03-05T16:37:05","modified_gmt":"2021-03-05T16:37:05","slug":"mexicana-m","status":"publish","type":"product","link":"https:\/\/ilpadrinotn.com\/ilpad\/produit\/mexicana-m\/","title":{"rendered":"Mexicana M"},"content":{"rendered":"    <!-- sktbuilder starter --><script type=\"text\/javascript\" src=\"https:\/\/ilpadrinotn.com\/ilpad\/wp-content\/plugins\/skt-builder\/sktbuilder\/sktbuilder-frontend-starter.js\"><\/script><script type=\"text\/javascript\" src=\"https:\/\/ilpadrinotn.com\/ilpad\/wp-content\/plugins\/skt-builder\/sktbuilder-wordpress-driver.js\"><\/script><script type=\"text\/javascript\"> var starter = new SktbuilderStarter({\"mode\": \"prod\", \"skip\":[\"jquery\",\"underscore\",\"backbone\"],\"sktbuilderUrl\": \"https:\/\/ilpadrinotn.com\/ilpad\/wp-content\/plugins\/skt-builder\/sktbuilder\/\", \"driver\": new SktbuilderWordpressDriver({\"ajaxUrl\": \"https:\/\/ilpadrinotn.com\/ilpad\/wp-admin\/admin-ajax.php\", \"iframeUrl\": \"https:\/\/ilpadrinotn.com\/ilpad\/produit\/mexicana-m\/?sktbuilder=true\", \"pageId\": 4962, \"pages\": [{\"title\":\"Accueil\",\"url\":\"https:\\\/\\\/ilpadrinotn.com\\\/ilpad\\\/wp-admin\\\/post.php?post=4355&action=sktbuilder\"},{\"title\":\"No title\",\"url\":\"https:\\\/\\\/ilpadrinotn.com\\\/ilpad\\\/wp-admin\\\/post.php?post=4442&action=sktbuilder\"},{\"title\":\"No title\",\"url\":\"https:\\\/\\\/ilpadrinotn.com\\\/ilpad\\\/wp-admin\\\/post.php?post=4501&action=sktbuilder\"},{\"title\":\"No title\",\"url\":\"https:\\\/\\\/ilpadrinotn.com\\\/ilpad\\\/wp-admin\\\/post.php?post=4522&action=sktbuilder\"},{\"title\":\"No title\",\"url\":\"https:\\\/\\\/ilpadrinotn.com\\\/ilpad\\\/wp-admin\\\/post.php?post=4446&action=sktbuilder\"}], \"page\": \"Mexicana M\" }) });<\/script><!-- end sktbuilder starter -->","protected":false},"excerpt":{"rendered":"<p>Viande hach\u00e9e b\u0153uf, Mozzarella, Sauce tomate, Poivron vert, Mais \u00e0 grains, Huile d&#8217;olive, Oignon, Harissa, Poivron de moulin.<\/p>\n<p>Taille Moyenne \u00d8 : 31 cm<\/p>\n","protected":false},"featured_media":4593,"comment_status":"open","ping_status":"closed","template":"","meta":{"_mo_disable_npp":""},"class_list":["post-4962","product","type-product","status-publish","has-post-thumbnail","hentry","product_cat-pizza"],"_links":{"self":[{"href":"https:\/\/ilpadrinotn.com\/ilpad\/wp-json\/wp\/v2\/product\/4962","targetHints":{"allow":["GET"]}}],"collection":[{"href":"https:\/\/ilpadrinotn.com\/ilpad\/wp-json\/wp\/v2\/product"}],"about":[{"href":"https:\/\/ilpadrinotn.com\/ilpad\/wp-json\/wp\/v2\/types\/product"}],"replies":[{"embeddable":true,"href":"https:\/\/ilpadrinotn.com\/ilpad\/wp-json\/wp\/v2\/comments?post=4962"}],"wp:featuredmedia":[{"embeddable":true,"href":"https:\/\/ilpadrinotn.com\/ilpad\/wp-json\/wp\/v2\/media\/4593"}],"wp:attachment":[{"href":"https:\/\/ilpadrinotn.com\/ilpad\/wp-json\/wp\/v2\/media?parent=4962"}],"curies":[{"name":"wp","href":"https:\/\/api.w.org\/{rel}","templated":true}]}}